{"id":57,"date":"2025-08-01T14:13:03","date_gmt":"2025-08-01T12:13:03","guid":{"rendered":"https:\/\/www.medixwell.hu\/?page_id=57"},"modified":"2025-08-06T14:29:12","modified_gmt":"2025-08-06T12:29:12","slug":"adatvedelmi-tajekoztato","status":"publish","type":"page","link":"https:\/\/www.medixwell.hu\/?page_id=57","title":{"rendered":"Adatv\u00e9delmi t\u00e1j\u00e9koztat\u00f3"},"content":{"rendered":"\t\t<div data-elementor-type=\"wp-page\" data-elementor-id=\"57\" class=\"elementor elementor-57\">\n\t\t\t\t<div class=\"elementor-element elementor-element-d445f14 e-flex e-con-boxed e-con e-parent\" data-id=\"d445f14\" data-element_type=\"container\" data-settings=\"{&quot;background_background&quot;:&quot;classic&quot;}\">\n\t\t\t\t\t<div class=\"e-con-inner\">\n\t\t\t\t<div class=\"elementor-element elementor-element-7a70705 elementor-widget elementor-widget-heading\" data-id=\"7a70705\" data-element_type=\"widget\" data-widget_type=\"heading.default\">\n\t\t\t\t\t<h5 class=\"elementor-heading-title elementor-size-default\">Adatv\u00e9delmi T\u00e1j\u00e9koztat\u00f3<\/h5>\t\t\t\t<\/div>\n\t\t\t\t<div class=\"elementor-element elementor-element-31f1e83 elementor-widget elementor-widget-heading\" data-id=\"31f1e83\" data-element_type=\"widget\" data-widget_type=\"heading.default\">\n\t\t\t\t\t<h2 class=\"elementor-heading-title elementor-size-default\">Fontos tudnival\u00f3k a titkos\u00edt\u00e1sr\u00f3l<\/h2>\t\t\t\t<\/div>\n\t\t\t\t<div class=\"elementor-element elementor-element-e27c2ca elementor-widget__width-initial elementor-widget elementor-widget-text-editor\" data-id=\"e27c2ca\" data-element_type=\"widget\" data-widget_type=\"text-editor.default\">\n\t\t\t\t\t\t\t\t\t<p>Az adatv\u00e9delmi t\u00e1j\u00e9koztat\u00f3 c\u00e9lja, hogy biztos\u00edtsa a felhaszn\u00e1l\u00f3k jogait \u00e9s v\u00e9delm\u00e9t az online t\u00e9rben. \u00c1tl\u00e1that\u00f3an bemutatjuk, hogyan haszn\u00e1ljuk az \u00f6n \u00e1ltal megadott adatokat, \u00e9s mik\u00e9nt v\u00e9dekez\u00fcnk a biztons\u00e1gi kock\u00e1zatok ellen.<\/p>\t\t\t\t\t\t\t\t<\/div>\n\t\t<div class=\"elementor-element elementor-element-8845d9f e-con-full e-flex e-con e-child\" data-id=\"8845d9f\" data-element_type=\"container\">\n\t\t\t\t<\/div>\n\t\t\t\t\t<\/div>\n\t\t\t\t<\/div>\n\t\t<div class=\"elementor-element elementor-element-63f3478 e-flex e-con-boxed e-con e-parent\" data-id=\"63f3478\" data-element_type=\"container\">\n\t\t\t\t\t<div class=\"e-con-inner\">\n\t\t\t\t<div class=\"elementor-element elementor-element-d976e99 elementor-widget elementor-widget-text-editor\" data-id=\"d976e99\" data-element_type=\"widget\" data-widget_type=\"text-editor.default\">\n\t\t\t\t\t\t\t\t\t<h3>Adatv\u00e9delmi Nyilatkozat<\/h3><p>\u00a0<\/p><p><b>Utols\u00f3 friss\u00edt\u00e9s:<\/b> 2025. augusztus 6.<\/p><p><b>1. Adatkezel\u0151 adatai<\/b><\/p><p><b>N\u00e9v:<\/b> Medixwell Kft. <b>Sz\u00e9khely:<\/b> Darvas tanya 17., H-6800 H\u00f3dmez\u0151v\u00e1s\u00e1rhely <b>E-mail c\u00edm:<\/b> info@medixwell.de <b>Telefonsz\u00e1m:<\/b> K\u00e9rj\u00fck, adja meg a telefonsz\u00e1mot. <b>C\u00e9gjegyz\u00e9ksz\u00e1m:<\/b> 06-09-020281 <b>Ad\u00f3sz\u00e1m:<\/b> 24383691-2-06<\/p><p><b>2. Milyen adatokat gy\u0171jt\u00fcnk \u00e9s milyen c\u00e9lb\u00f3l?<\/b><\/p><p>Weboldalunk els\u0151sorban t\u00e1j\u00e9koztat\u00e1si c\u00e9lt szolg\u00e1l, \u00e9s a l\u00e1togat\u00f3kkal val\u00f3 kapcsolattart\u00e1s c\u00e9lj\u00e1b\u00f3l gy\u0171jt szem\u00e9lyes adatokat.<\/p><ul><li><p><b>Kapcsolatfelv\u00e9teli \u0171rlap eset\u00e9n:<\/b> N\u00e9v, e-mail c\u00edm, telefonsz\u00e1m (opcion\u00e1lis).<\/p><\/li><li><p><b>S\u00fctik (cookie-k) \u00e1ltal gy\u0171jt\u00f6tt adatok:<\/b> IP-c\u00edm, b\u00f6ng\u00e9sz\u0151 t\u00edpusa, l\u00e1togat\u00e1s id\u0151pontja, megtekintett oldalak.<\/p><\/li><\/ul><p><b>Az adatgy\u0171jt\u00e9s c\u00e9ljai:<\/b><\/p><ul><li><p><b>Kapcsolattart\u00e1s:<\/b> Az \u00d6n \u00e1ltal feltett k\u00e9rd\u00e9sek megv\u00e1laszol\u00e1sa, megkeres\u00e9sek kezel\u00e9se.<\/p><\/li><li><p><b>Statisztikai elemz\u00e9s:<\/b> A weboldalunk l\u00e1togatotts\u00e1g\u00e1nak m\u00e9r\u00e9se \u00e9s elemz\u00e9se a felhaszn\u00e1l\u00f3i \u00e9lm\u00e9ny jav\u00edt\u00e1sa \u00e9rdek\u00e9ben.<\/p><\/li><\/ul><p><b>3. Hogyan gy\u0171jtj\u00fck az adatokat?<\/b><\/p><p>Az adatokat az al\u00e1bbi m\u00f3dokon gy\u0171jtj\u00fck:<\/p><ul><li><p><b>\u0170rlapok kit\u00f6lt\u00e9se:<\/b> Amikor \u00d6n kit\u00f6lti a kapcsolatfelv\u00e9teli \u0171rlapot a weboldalon.<\/p><\/li><li><p><b>S\u00fctik (cookie-k) haszn\u00e1lata:<\/b> L\u00e1sd a &#8222;S\u00fctik (Cookie-k) haszn\u00e1lata&#8220; szakaszt.<\/p><\/li><\/ul><p><b>4. Kivel osztjuk meg az adatokat?<\/b><\/p><p>A Medixwell Kft. az \u00d6n szem\u00e9lyes adatait <b>nem osztja meg harmadik f\u00e9llel<\/b> marketing c\u00e9lokb\u00f3l. Azonban a weboldal m\u0171k\u00f6d\u00e9s\u00e9hez elengedhetetlen\u00fcl sz\u00fcks\u00e9ges esetekben adatfeldolgoz\u00f3kat vesz\u00fcnk ig\u00e9nybe:<\/p><ul><li><p><b>T\u00e1rhelyszolg\u00e1ltat\u00f3:<\/b> Az \u00d6n adatai a weboldalunkat m\u0171k\u00f6dtet\u0151 t\u00e1rhelyszolg\u00e1ltat\u00f3 szerverein t\u00e1rol\u00f3dnak.<\/p><ul><li><p><b>Neve:<\/b> Ocsi-Pc Bt.<\/p><\/li><li><p><b>C\u00edme:<\/b> Nemestak\u00e1cs u. 49., 6725 Szeged<\/p><\/li><\/ul><\/li><li><p><b>Analitikai szolg\u00e1ltat\u00f3:<\/b> Weboldalunk haszn\u00e1lat\u00e1nak elemz\u00e9s\u00e9re harmadik f\u00e9lt\u0151l sz\u00e1rmaz\u00f3 szolg\u00e1ltat\u00e1sokat vehet\u00fcnk ig\u00e9nybe (pl. Google Analytics). Ezek a szolg\u00e1ltat\u00f3k s\u00fctiket haszn\u00e1lnak az \u00d6n weboldal-haszn\u00e1lat\u00e1r\u00f3l sz\u00f3l\u00f3 inform\u00e1ci\u00f3k gy\u0171jt\u00e9s\u00e9re, amelyek anonimiz\u00e1lt form\u00e1ban ker\u00fclnek feldolgoz\u00e1sra a statisztikai elemz\u00e9sekhez.<\/p><\/li><\/ul><p><b>5. Meddig t\u00e1roljuk az adatokat?<\/b><\/p><p>Az \u00d6n szem\u00e9lyes adatait addig t\u00e1roljuk, am\u00edg azok az adatkezel\u00e9s c\u00e9lj\u00e1hoz sz\u00fcks\u00e9gesek, vagy am\u00edg \u00d6n nem k\u00e9ri azok t\u00f6rl\u00e9s\u00e9t. A kapcsolatfelv\u00e9teli \u0171rlapon kereszt\u00fcl \u00e9rkez\u0151 megkeres\u00e9seket az e-mail fi\u00f3kunkban t\u00e1roljuk a jogi k\u00f6telezetts\u00e9geknek megfelel\u0151en. A Google Analytics \u00e1ltal gy\u0171jt\u00f6tt adatok t\u00e1rol\u00e1s\u00e1nak id\u0151tartam\u00e1t a Google szab\u00e1lyozza.<\/p><p><b>6. Az \u00d6n jogai az adatkezel\u00e9ssel kapcsolatban<\/b><\/p><p>Az Eur\u00f3pai Uni\u00f3 \u00c1ltal\u00e1nos Adatv\u00e9delmi Rendelete (GDPR) \u00e9rtelm\u00e9ben \u00d6nnek az al\u00e1bbi jogai vannak az adatai kezel\u00e9s\u00e9vel kapcsolatban:<\/p><ul><li><p><b>Hozz\u00e1f\u00e9r\u00e9si jog:<\/b> \u00d6n jogosult arra, hogy t\u00e1j\u00e9koztat\u00e1st kapjon az \u00d6nr\u0151l gy\u0171jt\u00f6tt \u00e9s kezelt szem\u00e9lyes adatokr\u00f3l.<\/p><\/li><li><p><b>Helyesb\u00edt\u00e9shez val\u00f3 jog:<\/b> \u00d6n jogosult k\u00e9rni az \u00d6nre vonatkoz\u00f3 pontatlan szem\u00e9lyes adatok helyesb\u00edt\u00e9s\u00e9t, vagy a hi\u00e1nyos adatok kieg\u00e9sz\u00edt\u00e9s\u00e9t.<\/p><\/li><li><p><b>T\u00f6rl\u00e9shez val\u00f3 jog (&#8222;elfeledtet\u00e9shez val\u00f3 jog&#8220;):<\/b> Bizonyos esetekben \u00d6n jogosult k\u00e9rni a szem\u00e9lyes adatainak t\u00f6rl\u00e9s\u00e9t.<\/p><\/li><li><p><b>Adathordozhat\u00f3s\u00e1ghoz val\u00f3 jog:<\/b> \u00d6n jogosult arra, hogy az \u00d6n \u00e1ltal megadott adatokat tagolt, g\u00e9ppel olvashat\u00f3 form\u00e1tumban megkapja.<\/p><\/li><li><p><b>Tiltakoz\u00e1shoz val\u00f3 jog:<\/b> \u00d6n jogosult tiltakozni szem\u00e9lyes adatainak kezel\u00e9se ellen.<\/p><\/li><li><p><b>Hozz\u00e1j\u00e1rul\u00e1s visszavon\u00e1s\u00e1nak joga:<\/b> Amennyiben az adatkezel\u00e9s az \u00d6n hozz\u00e1j\u00e1rul\u00e1s\u00e1n alapul, \u00d6n b\u00e1rmikor jogosult a hozz\u00e1j\u00e1rul\u00e1s\u00e1t visszavonni.<\/p><\/li><\/ul><p>Ezen jogok gyakorl\u00e1s\u00e1hoz k\u00e9rj\u00fck, vegye fel vel\u00fcnk a kapcsolatot az info@medixwell.de e-mail c\u00edmen.<\/p><p><b>7. S\u00fctik (Cookie-k) haszn\u00e1lata<\/b><\/p><p>Weboldalunk s\u00fctiket (cookie-kat) haszn\u00e1l a felhaszn\u00e1l\u00f3i \u00e9lm\u00e9ny jav\u00edt\u00e1sa \u00e9s a statisztikai elemz\u00e9sek elv\u00e9gz\u00e9se \u00e9rdek\u00e9ben.<\/p><ul><li><p><b>Alapvet\u0151\/funkcion\u00e1lis s\u00fctik:<\/b> Ezek a s\u00fctik elengedhetetlenek a weboldal m\u0171k\u00f6d\u00e9s\u00e9hez, p\u00e9ld\u00e1ul a munkamenet fenntart\u00e1s\u00e1hoz.<\/p><\/li><li><p><b>Analitikai s\u00fctik:<\/b> Ezek a s\u00fctik seg\u00edtenek nek\u00fcnk meg\u00e9rteni, hogyan haszn\u00e1lj\u00e1k a l\u00e1togat\u00f3k a weboldalt, \u00edgy jav\u00edthatjuk a weboldal teljes\u00edtm\u00e9ny\u00e9t \u00e9s tartalm\u00e1t. Ezek a s\u00fctik nem azonos\u00edtj\u00e1k \u00d6nt szem\u00e9lyesen.<\/p><\/li><\/ul><p>A s\u00fctik be\u00e1ll\u00edt\u00e1sait a b\u00f6ng\u00e9sz\u0151j\u00e9ben \u00d6n tudja kezelni.<\/p><p><b>8. Adatbiztons\u00e1g<\/b><\/p><p>Az \u00d6n szem\u00e9lyes adatainak v\u00e9delme \u00e9rdek\u00e9ben megfelel\u0151 technikai \u00e9s szervez\u00e9si int\u00e9zked\u00e9seket alkalmazunk, mint p\u00e9ld\u00e1ul az <b>SSL titkos\u00edt\u00e1s<\/b> a weboldal \u00e9s az \u00d6n b\u00f6ng\u00e9sz\u0151je k\u00f6z\u00f6tti adatforgalom v\u00e9delm\u00e9re, valamint a megfelel\u0151 t\u0171zfalak haszn\u00e1lat\u00e1ra.<\/p><p><b>9. Panaszjog<\/b><\/p><p>Amennyiben \u00fagy \u00edt\u00e9li meg, hogy szem\u00e9lyes adatainak kezel\u00e9se s\u00e9rti a vonatkoz\u00f3 adatv\u00e9delmi jogszab\u00e1lyokat, panaszt ny\u00fajthat be a fel\u00fcgyeleti hat\u00f3s\u00e1ghoz:<\/p><p><b>Nemzeti Adatv\u00e9delmi \u00e9s Inform\u00e1ci\u00f3szabads\u00e1g Hat\u00f3s\u00e1g (NAIH)<\/b> C\u00edm: 1055 Budapest, Falk Miksa utca 9-11. E-mail: ugyfelszolgalat@naih.hu Weboldal: www.naih.hu<\/p>\t\t\t\t\t\t\t\t<\/div>\n\t\t\t\t\t<\/div>\n\t\t\t\t<\/div>\n\t\t\t\t<\/div>\n\t\t","protected":false},"excerpt":{"rendered":"<p>Adatv\u00e9delmi T\u00e1j\u00e9koztat\u00f3 Fontos tudnival\u00f3k a titkos\u00edt\u00e1sr\u00f3l Az adatv\u00e9delmi t\u00e1j\u00e9koztat\u00f3 c\u00e9lja, hogy biztos\u00edtsa a felhaszn\u00e1l\u00f3k jogait \u00e9s v\u00e9delm\u00e9t az online t\u00e9rben. \u00c1tl\u00e1that\u00f3an bemutatjuk, hogyan haszn\u00e1ljuk az \u00f6n \u00e1ltal megadott adatokat, \u00e9s mik\u00e9nt v\u00e9dekez\u00fcnk a biztons\u00e1gi kock\u00e1zatok ellen. Adatv\u00e9delmi Nyilatkozat \u00a0 Utols\u00f3 friss\u00edt\u00e9s: 2025. augusztus 6. 1. Adatkezel\u0151 adatai N\u00e9v: Medixwell Kft. Sz\u00e9khely: Darvas tanya 17., H-6800 [&hellip;]<\/p>\n","protected":false},"author":1,"featured_media":0,"parent":0,"menu_order":0,"comment_status":"closed","ping_status":"closed","template":"","meta":{"footnotes":""},"class_list":["post-57","page","type-page","status-publish","hentry"],"_links":{"self":[{"href":"https:\/\/www.medixwell.hu\/index.php?rest_route=\/wp\/v2\/pages\/57","targetHints":{"allow":["GET"]}}],"collection":[{"href":"https:\/\/www.medixwell.hu\/index.php?rest_route=\/wp\/v2\/pages"}],"about":[{"href":"https:\/\/www.medixwell.hu\/index.php?rest_route=\/wp\/v2\/types\/page"}],"author":[{"embeddable":true,"href":"https:\/\/www.medixwell.hu\/index.php?rest_route=\/wp\/v2\/users\/1"}],"replies":[{"embeddable":true,"href":"https:\/\/www.medixwell.hu\/index.php?rest_route=%2Fwp%2Fv2%2Fcomments&post=57"}],"version-history":[{"count":4,"href":"https:\/\/www.medixwell.hu\/index.php?rest_route=\/wp\/v2\/pages\/57\/revisions"}],"predecessor-version":[{"id":316,"href":"https:\/\/www.medixwell.hu\/index.php?rest_route=\/wp\/v2\/pages\/57\/revisions\/316"}],"wp:attachment":[{"href":"https:\/\/www.medixwell.hu\/index.php?rest_route=%2Fwp%2Fv2%2Fmedia&parent=57"}],"curies":[{"name":"wp","href":"https:\/\/api.w.org\/{rel}","templated":true}]}}