{"id":52,"date":"2025-08-01T14:13:02","date_gmt":"2025-08-01T12:13:02","guid":{"rendered":"https:\/\/www.medixwell.hu\/?page_id=52"},"modified":"2025-08-06T14:25:56","modified_gmt":"2025-08-06T12:25:56","slug":"impresszum","status":"publish","type":"page","link":"https:\/\/www.medixwell.hu\/?page_id=52","title":{"rendered":"Impresszum"},"content":{"rendered":"\t\t<div data-elementor-type=\"wp-page\" data-elementor-id=\"52\" class=\"elementor elementor-52\">\n\t\t\t\t<div class=\"elementor-element elementor-element-68ca773 e-flex e-con-boxed e-con e-parent\" data-id=\"68ca773\" data-element_type=\"container\" data-settings=\"{&quot;background_background&quot;:&quot;classic&quot;}\">\n\t\t\t\t\t<div class=\"e-con-inner\">\n\t\t<div class=\"elementor-element elementor-element-ca047e2 e-con-full e-flex e-con e-child\" data-id=\"ca047e2\" data-element_type=\"container\">\n\t\t\t\t<div class=\"elementor-element elementor-element-eeba2e9 elementor-widget elementor-widget-heading\" data-id=\"eeba2e9\" data-element_type=\"widget\" data-widget_type=\"heading.default\">\n\t\t\t\t\t<h2 class=\"elementor-heading-title elementor-size-default\">C\u00e9ginform\u00e1ci\u00f3k <\/h2>\t\t\t\t<\/div>\n\t\t\t\t<div class=\"elementor-element elementor-element-74daa8a elementor-widget elementor-widget-text-editor\" data-id=\"74daa8a\" data-element_type=\"widget\" data-widget_type=\"text-editor.default\">\n\t\t\t\t\t\t\t\t\t<p><b>Szolg\u00e1ltat\u00f3 neve:<\/b> Medixwell Kft. <br \/><b>Szolg\u00e1ltat\u00f3 sz\u00e9khelye:<\/b> Darvas tanya 17., H-6800 H\u00f3dmez\u0151v\u00e1s\u00e1rhely <br \/><b>E-mail c\u00edm:<\/b> info@medixwell.de<br \/><b>Telefonsz\u00e1m:<\/b> A telefonsz\u00e1mot k\u00e9rj\u00fck ide \u00edrni. <br \/><b>C\u00e9gjegyz\u00e9ksz\u00e1m:<\/b> 06-09-020281 <br \/><b>Ad\u00f3sz\u00e1m:<\/b> 24383691-2-06 <br \/><b>F\u0151tev\u00e9kenys\u00e9g:<\/b> Gy\u00e1rt\u00e1s, kereskedelem<\/p><p><b>T\u00e1rhelyszolg\u00e1ltat\u00f3:<\/b> Ocsi-Pc Bt. Nemestak\u00e1cs u. 49. 6725 Szeged<\/p>\t\t\t\t\t\t\t\t<\/div>\n\t\t\t\t<\/div>\n\t\t\t\t\t<\/div>\n\t\t\t\t<\/div>\n\t\t<div class=\"elementor-element elementor-element-a3380a4 e-flex e-con-boxed e-con e-parent\" data-id=\"a3380a4\" data-element_type=\"container\" data-settings=\"{&quot;background_background&quot;:&quot;classic&quot;}\">\n\t\t\t\t\t<div class=\"e-con-inner\">\n\t\t<div class=\"elementor-element elementor-element-c26e732 e-flex e-con-boxed e-con e-child\" data-id=\"c26e732\" data-element_type=\"container\" data-settings=\"{&quot;background_background&quot;:&quot;classic&quot;}\">\n\t\t\t\t\t<div class=\"e-con-inner\">\n\t\t\t\t<div class=\"elementor-element elementor-element-6103400 elementor-position-left elementor-vertical-align-k\u00f6z\u00e9pre elementor-mobile-position-left elementor-vertical-align-middle elementor-view-default elementor-widget elementor-widget-icon-box\" data-id=\"6103400\" data-element_type=\"widget\" data-widget_type=\"icon-box.default\">\n\t\t\t\t\t\t\t<div class=\"elementor-icon-box-wrapper\">\n\n\t\t\t\t\t\t<div class=\"elementor-icon-box-icon\">\n\t\t\t\t<span  class=\"elementor-icon\">\n\t\t\t\t<svg aria-hidden=\"true\" class=\"e-font-icon-svg e-fas-star\" viewBox=\"0 0 576 512\" xmlns=\"http:\/\/www.w3.org\/2000\/svg\"><path d=\"M259.3 17.8L194 150.2 47.9 171.5c-26.2 3.8-36.7 36.1-17.7 54.6l105.7 103-25 145.5c-4.5 26.3 23.2 46 46.4 33.7L288 439.6l130.7 68.7c23.2 12.2 50.9-7.4 46.4-33.7l-25-145.5 105.7-103c19-18.5 8.5-50.8-17.7-54.6L382 150.2 316.7 17.8c-11.7-23.6-45.6-23.9-57.4 0z\"><\/path><\/svg>\t\t\t\t<\/span>\n\t\t\t<\/div>\n\t\t\t\n\t\t\t\t\t\t<div class=\"elementor-icon-box-content\">\n\n\t\t\t\t\t\t\t\t\t<h3 class=\"elementor-icon-box-title\">\n\t\t\t\t\t\t<span  >\n\t\t\t\t\t\t\tFelhaszn\u00e1l\u00e1si felt\u00e9telek\t\t\t\t\t\t<\/span>\n\t\t\t\t\t<\/h3>\n\t\t\t\t\n\t\t\t\t\n\t\t\t<\/div>\n\t\t\t\n\t\t<\/div>\n\t\t\t\t\t\t<\/div>\n\t\t\t\t<div class=\"elementor-element elementor-element-cc23aed elementor-widget elementor-widget-text-editor\" data-id=\"cc23aed\" data-element_type=\"widget\" data-widget_type=\"text-editor.default\">\n\t\t\t\t\t\t\t\t\t<p>A weboldal haszn\u00e1lat\u00e1ra vonatkoz\u00f3 felt\u00e9telek \u00e9s jogi nyilatkozatok \u00e1ttekint\u00e9se fontos lehet a felhaszn\u00e1l\u00f3k sz\u00e1m\u00e1ra.<\/p>\t\t\t\t\t\t\t\t<\/div>\n\t\t\t\t<div class=\"elementor-element elementor-element-0493575 elementor-widget elementor-widget-text-editor\" data-id=\"0493575\" data-element_type=\"widget\" data-widget_type=\"text-editor.default\">\n\t\t\t\t\t\t\t\t\tA felhaszn\u00e1l\u00f3k sz\u00e1m\u00e1ra fontos inform\u00e1l\u00f3dni a jogi k\u00f6telezetts\u00e9gekr\u0151l. A webhely haszn\u00e1lata el\u0151tt k\u00e9rj\u00fck, olvassa el figyelmesen a felhaszn\u00e1l\u00e1si felt\u00e9teleket, a jogi nyilatkozatot, \u00e9s az adatv\u00e9delmi ir\u00e1nyelveket. Az itt tal\u00e1lhat\u00f3 inform\u00e1ci\u00f3k r\u00e1vil\u00e1g\u00edtanak arra, hogyan kezelj\u00fck az \u00f6n adatait, valamint milyen jogai \u00e9s k\u00f6telezetts\u00e9gei vannak a weboldal haszn\u00e1lata sor\u00e1n.\t\t\t\t\t\t\t\t<\/div>\n\t\t\t\t<div class=\"elementor-element elementor-element-7d8e216 elementor-widget elementor-widget-text-editor\" data-id=\"7d8e216\" data-element_type=\"widget\" data-widget_type=\"text-editor.default\">\n\t\t\t\t\t\t\t\t\tA jogi nyilatkozat felv\u00e1zolja a weboldalunk jogi kereteit \u00e9s szab\u00e1lyait.\t\t\t\t\t\t\t\t<\/div>\n\t\t\t\t<div class=\"elementor-element elementor-element-e82f372 elementor-widget elementor-widget-text-editor\" data-id=\"e82f372\" data-element_type=\"widget\" data-widget_type=\"text-editor.default\">\n\t\t\t\t\t\t\t\t\tK\u00e9rj\u00fck, vegye figyelembe, hogy az oldalon tal\u00e1lhat\u00f3 inform\u00e1ci\u00f3k t\u00e1j\u00e9koztat\u00f3 jelleg\u0171ek, \u00e9s nem min\u0151s\u00fclnek jogi tan\u00e1csad\u00e1snak. Minden l\u00e1togat\u00f3 felel\u0151s a weboldal haszn\u00e1lat\u00e1\u00e9rt, \u00e9s el kell fogadnia a megadott felt\u00e9teleket.\t\t\t\t\t\t\t\t<\/div>\n\t\t\t\t<div class=\"elementor-element elementor-element-7b7013d elementor-widget elementor-widget-text-editor\" data-id=\"7b7013d\" data-element_type=\"widget\" data-widget_type=\"text-editor.default\">\n\t\t\t\t\t\t\t\t\tAz adatv\u00e9delmi ir\u00e1nyelveink r\u00e9szletesen bemutatj\u00e1k, hogyan kezelj\u00fck az \u00f6n adatait.\t\t\t\t\t\t\t\t<\/div>\n\t\t\t\t\t<\/div>\n\t\t\t\t<\/div>\n\t\t\t\t\t<\/div>\n\t\t\t\t<\/div>\n\t\t<div class=\"elementor-element elementor-element-2a9a4f5 e-flex e-con-boxed e-con e-parent\" data-id=\"2a9a4f5\" data-element_type=\"container\">\n\t\t\t\t\t<div class=\"e-con-inner\">\n\t\t<div class=\"elementor-element elementor-element-6d6c9d8 e-con-full e-flex e-con e-child\" data-id=\"6d6c9d8\" data-element_type=\"container\">\n\t\t\t\t<div class=\"elementor-element elementor-element-43e5060 elementor-view-default elementor-position-top elementor-mobile-position-top elementor-widget elementor-widget-icon-box\" data-id=\"43e5060\" data-element_type=\"widget\" data-widget_type=\"icon-box.default\">\n\t\t\t\t\t\t\t<div class=\"elementor-icon-box-wrapper\">\n\n\t\t\t\t\t\t<div class=\"elementor-icon-box-icon\">\n\t\t\t\t<span  class=\"elementor-icon\">\n\t\t\t\t<svg aria-hidden=\"true\" class=\"e-font-icon-svg e-fas-envelope\" viewBox=\"0 0 512 512\" xmlns=\"http:\/\/www.w3.org\/2000\/svg\"><path d=\"M502.3 190.8c3.9-3.1 9.7-.2 9.7 4.7V400c0 26.5-21.5 48-48 48H48c-26.5 0-48-21.5-48-48V195.6c0-5 5.7-7.8 9.7-4.7 22.4 17.4 52.1 39.5 154.1 113.6 21.1 15.4 56.7 47.8 92.2 47.6 35.7.3 72-32.8 92.3-47.6 102-74.1 131.6-96.3 154-113.7zM256 320c23.2.4 56.6-29.2 73.4-41.4 132.7-96.3 142.8-104.7 173.4-128.7 5.8-4.5 9.2-11.5 9.2-18.9v-19c0-26.5-21.5-48-48-48H48C21.5 64 0 85.5 0 112v19c0 7.4 3.4 14.3 9.2 18.9 30.6 23.9 40.7 32.4 173.4 128.7 16.8 12.2 50.2 41.8 73.4 41.4z\"><\/path><\/svg>\t\t\t\t<\/span>\n\t\t\t<\/div>\n\t\t\t\n\t\t\t\t\t\t<div class=\"elementor-icon-box-content\">\n\n\t\t\t\t\t\t\t\t\t<h3 class=\"elementor-icon-box-title\">\n\t\t\t\t\t\t<span  >\n\t\t\t\t\t\t\tE-mail\t\t\t\t\t\t<\/span>\n\t\t\t\t\t<\/h3>\n\t\t\t\t\n\t\t\t\t\t\t\t\t\t<p class=\"elementor-icon-box-description\">\n\t\t\t\t\t\tK\u00e9rj\u00fck, l\u00e9pjen vel\u00fcnk kapcsolatba emailben, ha k\u00e9rd\u00e9se van.\t\t\t\t\t<\/p>\n\t\t\t\t\n\t\t\t<\/div>\n\t\t\t\n\t\t<\/div>\n\t\t\t\t\t\t<\/div>\n\t\t\t\t<div class=\"elementor-element elementor-element-f9a383a elementor-widget elementor-widget-text-editor\" data-id=\"f9a383a\" data-element_type=\"widget\" data-widget_type=\"text-editor.default\">\n\t\t\t\t\t\t\t\t\t<p><span style=\"text-decoration: underline;\">info@medixwell.de<\/span><\/p>\t\t\t\t\t\t\t\t<\/div>\n\t\t\t\t<\/div>\n\t\t<div class=\"elementor-element elementor-element-a79e290 e-con-full e-flex e-con e-child\" data-id=\"a79e290\" data-element_type=\"container\">\n\t\t\t\t<div class=\"elementor-element elementor-element-7df6a36 elementor-view-default elementor-position-top elementor-mobile-position-top elementor-widget elementor-widget-icon-box\" data-id=\"7df6a36\" data-element_type=\"widget\" data-widget_type=\"icon-box.default\">\n\t\t\t\t\t\t\t<div class=\"elementor-icon-box-wrapper\">\n\n\t\t\t\t\t\t<div class=\"elementor-icon-box-icon\">\n\t\t\t\t<span  class=\"elementor-icon\">\n\t\t\t\t<svg aria-hidden=\"true\" class=\"e-font-icon-svg e-fas-map-marker-alt\" viewBox=\"0 0 384 512\" xmlns=\"http:\/\/www.w3.org\/2000\/svg\"><path d=\"M172.268 501.67C26.97 291.031 0 269.413 0 192 0 85.961 85.961 0 192 0s192 85.961 192 192c0 77.413-26.97 99.031-172.268 309.67-9.535 13.774-29.93 13.773-39.464 0zM192 272c44.183 0 80-35.817 80-80s-35.817-80-80-80-80 35.817-80 80 35.817 80 80 80z\"><\/path><\/svg>\t\t\t\t<\/span>\n\t\t\t<\/div>\n\t\t\t\n\t\t\t\t\t\t<div class=\"elementor-icon-box-content\">\n\n\t\t\t\t\t\t\t\t\t<h3 class=\"elementor-icon-box-title\">\n\t\t\t\t\t\t<span  >\n\t\t\t\t\t\t\tIroda\t\t\t\t\t\t<\/span>\n\t\t\t\t\t<\/h3>\n\t\t\t\t\n\t\t\t\t\t\t\t\t\t<p class=\"elementor-icon-box-description\">\n\t\t\t\t\t\tC\u00e9g\u00fcnk sz\u00e9khelye kereshet\u0151 az al\u00e1bbi c\u00edmen tal\u00e1lhat\u00f3.\t\t\t\t\t<\/p>\n\t\t\t\t\n\t\t\t<\/div>\n\t\t\t\n\t\t<\/div>\n\t\t\t\t\t\t<\/div>\n\t\t\t\t<div class=\"elementor-element elementor-element-307ae05 elementor-widget elementor-widget-text-editor\" data-id=\"307ae05\" data-element_type=\"widget\" data-widget_type=\"text-editor.default\">\n\t\t\t\t\t\t\t\t\t<p><span style=\"text-decoration: underline;\">Darvas tanya 17 6800 H\u00f3dmez\u0151v\u00e1s\u00e1rhely, Magyarorsz\u00e1g<\/span><\/p>\t\t\t\t\t\t\t\t<\/div>\n\t\t\t\t<\/div>\n\t\t\t\t\t<\/div>\n\t\t\t\t<\/div>\n\t\t<div class=\"elementor-element elementor-element-d92710e e-flex e-con-boxed e-con e-parent\" data-id=\"d92710e\" data-element_type=\"container\">\n\t\t\t\t\t<div class=\"e-con-inner\">\n\t\t\t\t<div class=\"elementor-element elementor-element-24b9d33 elementor-widget elementor-widget-call-to-action\" data-id=\"24b9d33\" data-element_type=\"widget\" data-widget_type=\"call-to-action.default\">\n\t\t\t\t<div class=\"elementor-widget-container\">\n\t\t\t\t\t \t\t\t\t<\/div>\n\t\t\t\t<\/div>\n\t\t\t\t<div class=\"elementor-element elementor-element-e62838c elementor-widget elementor-widget-call-to-action\" data-id=\"e62838c\" data-element_type=\"widget\" data-widget_type=\"call-to-action.default\">\n\t\t\t\t<div class=\"elementor-widget-container\">\n\t\t\t\t\t \t\t\t\t<\/div>\n\t\t\t\t<\/div>\n\t\t\t\t<div class=\"elementor-element elementor-element-b4512e4 elementor-widget elementor-widget-call-to-action\" data-id=\"b4512e4\" data-element_type=\"widget\" data-widget_type=\"call-to-action.default\">\n\t\t\t\t<div class=\"elementor-widget-container\">\n\t\t\t\t\t \t\t\t\t<\/div>\n\t\t\t\t<\/div>\n\t\t\t\t\t<\/div>\n\t\t\t\t<\/div>\n\t\t\t\t<\/div>\n\t\t","protected":false},"excerpt":{"rendered":"<p>C\u00e9ginform\u00e1ci\u00f3k Szolg\u00e1ltat\u00f3 neve: Medixwell Kft. Szolg\u00e1ltat\u00f3 sz\u00e9khelye: Darvas tanya 17., H-6800 H\u00f3dmez\u0151v\u00e1s\u00e1rhely E-mail c\u00edm: info@medixwell.deTelefonsz\u00e1m: A telefonsz\u00e1mot k\u00e9rj\u00fck ide \u00edrni. C\u00e9gjegyz\u00e9ksz\u00e1m: 06-09-020281 Ad\u00f3sz\u00e1m: 24383691-2-06 F\u0151tev\u00e9kenys\u00e9g: Gy\u00e1rt\u00e1s, kereskedelem T\u00e1rhelyszolg\u00e1ltat\u00f3: Ocsi-Pc Bt. Nemestak\u00e1cs u. 49. 6725 Szeged Felhaszn\u00e1l\u00e1si felt\u00e9telek A weboldal haszn\u00e1lat\u00e1ra vonatkoz\u00f3 felt\u00e9telek \u00e9s jogi nyilatkozatok \u00e1ttekint\u00e9se fontos lehet a felhaszn\u00e1l\u00f3k sz\u00e1m\u00e1ra. A felhaszn\u00e1l\u00f3k sz\u00e1m\u00e1ra fontos [&hellip;]<\/p>\n","protected":false},"author":1,"featured_media":0,"parent":0,"menu_order":0,"comment_status":"closed","ping_status":"closed","template":"","meta":{"footnotes":""},"class_list":["post-52","page","type-page","status-publish","hentry"],"_links":{"self":[{"href":"https:\/\/www.medixwell.hu\/index.php?rest_route=\/wp\/v2\/pages\/52","targetHints":{"allow":["GET"]}}],"collection":[{"href":"https:\/\/www.medixwell.hu\/index.php?rest_route=\/wp\/v2\/pages"}],"about":[{"href":"https:\/\/www.medixwell.hu\/index.php?rest_route=\/wp\/v2\/types\/page"}],"author":[{"embeddable":true,"href":"https:\/\/www.medixwell.hu\/index.php?rest_route=\/wp\/v2\/users\/1"}],"replies":[{"embeddable":true,"href":"https:\/\/www.medixwell.hu\/index.php?rest_route=%2Fwp%2Fv2%2Fcomments&post=52"}],"version-history":[{"count":4,"href":"https:\/\/www.medixwell.hu\/index.php?rest_route=\/wp\/v2\/pages\/52\/revisions"}],"predecessor-version":[{"id":313,"href":"https:\/\/www.medixwell.hu\/index.php?rest_route=\/wp\/v2\/pages\/52\/revisions\/313"}],"wp:attachment":[{"href":"https:\/\/www.medixwell.hu\/index.php?rest_route=%2Fwp%2Fv2%2Fmedia&parent=52"}],"curies":[{"name":"wp","href":"https:\/\/api.w.org\/{rel}","templated":true}]}}