{"id":109,"date":"2025-08-01T14:24:40","date_gmt":"2025-08-01T12:24:40","guid":{"rendered":"https:\/\/www.medixwell.hu\/?page_id=109"},"modified":"2025-08-04T13:12:21","modified_gmt":"2025-08-04T11:12:21","slug":"kezeloagyhuzatok-2","status":"publish","type":"page","link":"https:\/\/www.medixwell.hu\/?page_id=109","title":{"rendered":"Kezel\u0151\u00e1gyhuzatok"},"content":{"rendered":"\t\t<div data-elementor-type=\"wp-page\" data-elementor-id=\"109\" class=\"elementor elementor-109\">\n\t\t\t\t<div class=\"elementor-element elementor-element-edc91cc e-flex e-con-boxed e-con e-parent\" data-id=\"edc91cc\" data-element_type=\"container\">\n\t\t\t\t\t<div class=\"e-con-inner\">\n\t\t<div class=\"elementor-element elementor-element-dcb7939 e-con-full e-flex e-con e-child\" data-id=\"dcb7939\" data-element_type=\"container\">\n\t\t\t\t<div class=\"elementor-element elementor-element-74026e1 elementor-widget elementor-widget-heading\" data-id=\"74026e1\" data-element_type=\"widget\" data-widget_type=\"heading.default\">\n\t\t\t\t\t<h2 class=\"elementor-heading-title elementor-size-default\">Kezel\u0151\u00e1gyhuzatok<\/h2>\t\t\t\t<\/div>\n\t\t\t\t<div class=\"elementor-element elementor-element-c2db2cb elementor-widget elementor-widget-heading\" data-id=\"c2db2cb\" data-element_type=\"widget\" data-widget_type=\"heading.default\">\n\t\t\t\t\t<h5 class=\"elementor-heading-title elementor-size-default\">Fedezze fel pr\u00e9mium kezel\u0151\u00e1gyhuzatainkat, amelyek minden ig\u00e9nyt kiel\u00e9g\u00edtenek.<\/h5>\t\t\t\t<\/div>\n\t\t\t\t<\/div>\n\t\t<div class=\"elementor-element elementor-element-4adf70f e-grid e-con-full e-con e-child\" data-id=\"4adf70f\" data-element_type=\"container\">\n\t\t<div class=\"elementor-element elementor-element-af7d55d e-con-full e-flex e-con e-child\" data-id=\"af7d55d\" data-element_type=\"container\">\n\t\t\t\t<div class=\"elementor-element elementor-element-e7f8872 elementor-widget elementor-widget-image\" data-id=\"e7f8872\" data-element_type=\"widget\" data-widget_type=\"image.default\">\n\t\t\t\t\t\t\t\t\t\t\t\t\t\t\t<img fetchpriority=\"high\" decoding=\"async\" width=\"800\" height=\"534\" src=\"https:\/\/www.medixwell.hu\/wp-content\/uploads\/2025\/08\/imagebild_liegenbezug-1024x683.jpg\" class=\"attachment-large size-large wp-image-219\" alt=\"\" srcset=\"https:\/\/www.medixwell.hu\/wp-content\/uploads\/2025\/08\/imagebild_liegenbezug-1024x683.jpg 1024w, https:\/\/www.medixwell.hu\/wp-content\/uploads\/2025\/08\/imagebild_liegenbezug-300x200.jpg 300w, https:\/\/www.medixwell.hu\/wp-content\/uploads\/2025\/08\/imagebild_liegenbezug-768x512.jpg 768w, https:\/\/www.medixwell.hu\/wp-content\/uploads\/2025\/08\/imagebild_liegenbezug-1536x1024.jpg 1536w, https:\/\/www.medixwell.hu\/wp-content\/uploads\/2025\/08\/imagebild_liegenbezug-2048x1365.jpg 2048w\" sizes=\"(max-width: 800px) 100vw, 800px\" \/>\t\t\t\t\t\t\t\t\t\t\t\t\t\t\t<\/div>\n\t\t\t\t<div class=\"elementor-element elementor-element-4bef557 elementor-widget elementor-widget-heading\" data-id=\"4bef557\" data-element_type=\"widget\" data-widget_type=\"heading.default\">\n\t\t\t\t\t<h2 class=\"elementor-heading-title elementor-size-default\">\"Kozmetik\"<\/h2>\t\t\t\t<\/div>\n\t\t\t\t<div class=\"elementor-element elementor-element-2da39b7 elementor-widget elementor-widget-heading\" data-id=\"2da39b7\" data-element_type=\"widget\" data-widget_type=\"heading.default\">\n\t\t\t\t\t<h2 class=\"elementor-heading-title elementor-size-default\">Frott\u00edr \u00e9s Velour \n\nEl\u00e9rhet\u0151 t\u00f6bb sz\u00ednben is\n\n100% Pamut a fel\u00fcleten<\/h2>\t\t\t\t<\/div>\n\t\t\t\t<div class=\"elementor-element elementor-element-56b565a elementor-widget elementor-widget-paypal-button\" data-id=\"56b565a\" data-element_type=\"widget\" data-widget_type=\"paypal-button.default\">\n\t\t\t\t<div class=\"elementor-widget-container\">\n\t\t\t\t\t \t\t\t\t<\/div>\n\t\t\t\t<\/div>\n\t\t\t\t<\/div>\n\t\t<div class=\"elementor-element elementor-element-3080024 e-con-full e-flex e-con e-child\" data-id=\"3080024\" data-element_type=\"container\">\n\t\t\t\t<div class=\"elementor-element elementor-element-e9c95d3 elementor-widget elementor-widget-image\" data-id=\"e9c95d3\" data-element_type=\"widget\" data-widget_type=\"image.default\">\n\t\t\t\t\t\t\t\t\t\t\t\t\t\t\t<img fetchpriority=\"high\" decoding=\"async\" width=\"800\" height=\"534\" src=\"https:\/\/www.medixwell.hu\/wp-content\/uploads\/2025\/08\/imagebild_liegenbezug-1024x683.jpg\" class=\"attachment-large size-large wp-image-219\" alt=\"\" srcset=\"https:\/\/www.medixwell.hu\/wp-content\/uploads\/2025\/08\/imagebild_liegenbezug-1024x683.jpg 1024w, https:\/\/www.medixwell.hu\/wp-content\/uploads\/2025\/08\/imagebild_liegenbezug-300x200.jpg 300w, https:\/\/www.medixwell.hu\/wp-content\/uploads\/2025\/08\/imagebild_liegenbezug-768x512.jpg 768w, https:\/\/www.medixwell.hu\/wp-content\/uploads\/2025\/08\/imagebild_liegenbezug-1536x1024.jpg 1536w, https:\/\/www.medixwell.hu\/wp-content\/uploads\/2025\/08\/imagebild_liegenbezug-2048x1365.jpg 2048w\" sizes=\"(max-width: 800px) 100vw, 800px\" \/>\t\t\t\t\t\t\t\t\t\t\t\t\t\t\t<\/div>\n\t\t\t\t<div class=\"elementor-element elementor-element-3135ebd elementor-widget elementor-widget-heading\" data-id=\"3135ebd\" data-element_type=\"widget\" data-widget_type=\"heading.default\">\n\t\t\t\t\t<h2 class=\"elementor-heading-title elementor-size-default\">\"Massz\u00e1zs\"<\/h2>\t\t\t\t<\/div>\n\t\t\t\t<div class=\"elementor-element elementor-element-f3f4ca5 elementor-widget elementor-widget-heading\" data-id=\"f3f4ca5\" data-element_type=\"widget\" data-widget_type=\"heading.default\">\n\t\t\t\t\t<h2 class=\"elementor-heading-title elementor-size-default\">Frott\u00edr \u00e9s Velour \n\nEl\u00e9rhet\u0151 t\u00f6bb sz\u00ednben is\n\n100% Pamut a fel\u00fcleten<\/h2>\t\t\t\t<\/div>\n\t\t\t\t<div class=\"elementor-element elementor-element-201a27c elementor-widget elementor-widget-paypal-button\" data-id=\"201a27c\" data-element_type=\"widget\" data-widget_type=\"paypal-button.default\">\n\t\t\t\t<div class=\"elementor-widget-container\">\n\t\t\t\t\t \t\t\t\t<\/div>\n\t\t\t\t<\/div>\n\t\t\t\t<\/div>\n\t\t<div class=\"elementor-element elementor-element-e276e45 e-con-full e-flex e-con e-child\" data-id=\"e276e45\" data-element_type=\"container\">\n\t\t\t\t<div class=\"elementor-element elementor-element-15c4fa3 elementor-widget elementor-widget-image\" data-id=\"15c4fa3\" data-element_type=\"widget\" data-widget_type=\"image.default\">\n\t\t\t\t\t\t\t\t\t\t\t\t\t\t\t<img fetchpriority=\"high\" decoding=\"async\" width=\"800\" height=\"534\" src=\"https:\/\/www.medixwell.hu\/wp-content\/uploads\/2025\/08\/imagebild_liegenbezug-1024x683.jpg\" class=\"attachment-large size-large wp-image-219\" alt=\"\" srcset=\"https:\/\/www.medixwell.hu\/wp-content\/uploads\/2025\/08\/imagebild_liegenbezug-1024x683.jpg 1024w, https:\/\/www.medixwell.hu\/wp-content\/uploads\/2025\/08\/imagebild_liegenbezug-300x200.jpg 300w, https:\/\/www.medixwell.hu\/wp-content\/uploads\/2025\/08\/imagebild_liegenbezug-768x512.jpg 768w, https:\/\/www.medixwell.hu\/wp-content\/uploads\/2025\/08\/imagebild_liegenbezug-1536x1024.jpg 1536w, https:\/\/www.medixwell.hu\/wp-content\/uploads\/2025\/08\/imagebild_liegenbezug-2048x1365.jpg 2048w\" sizes=\"(max-width: 800px) 100vw, 800px\" \/>\t\t\t\t\t\t\t\t\t\t\t\t\t\t\t<\/div>\n\t\t\t\t<div class=\"elementor-element elementor-element-1164ebc elementor-widget elementor-widget-heading\" data-id=\"1164ebc\" data-element_type=\"widget\" data-widget_type=\"heading.default\">\n\t\t\t\t\t<h2 class=\"elementor-heading-title elementor-size-default\">\"Wellness\"<\/h2>\t\t\t\t<\/div>\n\t\t\t\t<div class=\"elementor-element elementor-element-0ae1de1 elementor-widget elementor-widget-heading\" data-id=\"0ae1de1\" data-element_type=\"widget\" data-widget_type=\"heading.default\">\n\t\t\t\t\t<h2 class=\"elementor-heading-title elementor-size-default\">Frott\u00edr \u00e9s Velour \n\nEl\u00e9rhet\u0151 t\u00f6bb sz\u00ednben is\n\n100% Pamut a fel\u00fcleten<\/h2>\t\t\t\t<\/div>\n\t\t\t\t<div class=\"elementor-element elementor-element-35b0845 elementor-widget elementor-widget-paypal-button\" data-id=\"35b0845\" data-element_type=\"widget\" data-widget_type=\"paypal-button.default\">\n\t\t\t\t<div class=\"elementor-widget-container\">\n\t\t\t\t\t \t\t\t\t<\/div>\n\t\t\t\t<\/div>\n\t\t\t\t<\/div>\n\t\t<div class=\"elementor-element elementor-element-a96eb89 e-con-full e-flex e-con e-child\" data-id=\"a96eb89\" data-element_type=\"container\">\n\t\t\t\t<div class=\"elementor-element elementor-element-7a929c0 elementor-widget elementor-widget-image\" data-id=\"7a929c0\" data-element_type=\"widget\" data-widget_type=\"image.default\">\n\t\t\t\t\t\t\t\t\t\t\t\t\t\t\t<img fetchpriority=\"high\" decoding=\"async\" width=\"800\" height=\"534\" src=\"https:\/\/www.medixwell.hu\/wp-content\/uploads\/2025\/08\/imagebild_liegenbezug-1024x683.jpg\" class=\"attachment-large size-large wp-image-219\" alt=\"\" srcset=\"https:\/\/www.medixwell.hu\/wp-content\/uploads\/2025\/08\/imagebild_liegenbezug-1024x683.jpg 1024w, https:\/\/www.medixwell.hu\/wp-content\/uploads\/2025\/08\/imagebild_liegenbezug-300x200.jpg 300w, https:\/\/www.medixwell.hu\/wp-content\/uploads\/2025\/08\/imagebild_liegenbezug-768x512.jpg 768w, https:\/\/www.medixwell.hu\/wp-content\/uploads\/2025\/08\/imagebild_liegenbezug-1536x1024.jpg 1536w, https:\/\/www.medixwell.hu\/wp-content\/uploads\/2025\/08\/imagebild_liegenbezug-2048x1365.jpg 2048w\" sizes=\"(max-width: 800px) 100vw, 800px\" \/>\t\t\t\t\t\t\t\t\t\t\t\t\t\t\t<\/div>\n\t\t\t\t<div class=\"elementor-element elementor-element-6032d76 elementor-widget elementor-widget-heading\" data-id=\"6032d76\" data-element_type=\"widget\" data-widget_type=\"heading.default\">\n\t\t\t\t\t<h2 class=\"elementor-heading-title elementor-size-default\">\"Spa\"<\/h2>\t\t\t\t<\/div>\n\t\t\t\t<div class=\"elementor-element elementor-element-93fa491 elementor-widget elementor-widget-heading\" data-id=\"93fa491\" data-element_type=\"widget\" data-widget_type=\"heading.default\">\n\t\t\t\t\t<h2 class=\"elementor-heading-title elementor-size-default\">Frott\u00edr \u00e9s Velour \n\nEl\u00e9rhet\u0151 t\u00f6bb sz\u00ednben is\n\n100% Pamut a fel\u00fcleten<\/h2>\t\t\t\t<\/div>\n\t\t\t\t<div class=\"elementor-element elementor-element-9c1356d elementor-widget elementor-widget-paypal-button\" data-id=\"9c1356d\" data-element_type=\"widget\" data-widget_type=\"paypal-button.default\">\n\t\t\t\t<div class=\"elementor-widget-container\">\n\t\t\t\t\t \t\t\t\t<\/div>\n\t\t\t\t<\/div>\n\t\t\t\t<\/div>\n\t\t\t\t<\/div>\n\t\t\t\t\t<\/div>\n\t\t\t\t<\/div>\n\t\t<div class=\"elementor-element elementor-element-adac303 e-flex e-con-boxed e-con e-parent\" data-id=\"adac303\" data-element_type=\"container\">\n\t\t\t\t\t<div class=\"e-con-inner\">\n\t\t<div class=\"elementor-element elementor-element-6abaf2a e-con-full e-flex e-con e-child\" data-id=\"6abaf2a\" data-element_type=\"container\">\n\t\t\t\t<div class=\"elementor-element elementor-element-f5b5304 elementor-widget elementor-widget-heading\" data-id=\"f5b5304\" data-element_type=\"widget\" data-widget_type=\"heading.default\">\n\t\t\t\t\t<h2 class=\"elementor-heading-title elementor-size-default\">Fedezze fel a kezel\u0151\u00e1gyhuzatok v\u00e1ltozatos vil\u00e1g\u00e1t<\/h2>\t\t\t\t<\/div>\n\t\t\t\t<\/div>\n\t\t<div class=\"elementor-element elementor-element-186695b e-con-full e-flex e-con e-child\" data-id=\"186695b\" data-element_type=\"container\">\n\t\t\t\t<div class=\"elementor-element elementor-element-7e36291 elementor-widget elementor-widget-text-editor\" data-id=\"7e36291\" data-element_type=\"widget\" data-widget_type=\"text-editor.default\">\n\t\t\t\t\t\t\t\t\t<p>\u00dcdv\u00f6z\u00f6lj\u00fck! Ebben a szakaszban r\u00e9szletes inform\u00e1ci\u00f3t tal\u00e1l a k\u00fcl\u00f6nb\u00f6z\u0151 kezel\u0151\u00e1gyhuzatokr\u00f3l. Fedezze fel azok el\u0151nyeit, \u00e9s tudja meg, hogyan seg\u00edthetnek a szolg\u00e1ltat\u00e1saiban, mik\u00f6zben a v\u00e1s\u00e1rl\u00f3i \u00e9lm\u00e9nyt fokozz\u00e1k.<\/p>\t\t\t\t\t\t\t\t<\/div>\n\t\t\t\t<\/div>\n\t\t\t\t\t<\/div>\n\t\t\t\t<\/div>\n\t\t\t\t<\/div>\n\t\t","protected":false},"excerpt":{"rendered":"<p>Kezel\u0151\u00e1gyhuzatok Fedezze fel pr\u00e9mium kezel\u0151\u00e1gyhuzatainkat, amelyek minden ig\u00e9nyt kiel\u00e9g\u00edtenek. &#8222;Kozmetik&#8220; Frott\u00edr \u00e9s Velour El\u00e9rhet\u0151 t\u00f6bb sz\u00ednben is 100% Pamut a fel\u00fcleten &#8222;Massz\u00e1zs&#8220; Frott\u00edr \u00e9s Velour El\u00e9rhet\u0151 t\u00f6bb sz\u00ednben is 100% Pamut a fel\u00fcleten &#8222;Wellness&#8220; Frott\u00edr \u00e9s Velour El\u00e9rhet\u0151 t\u00f6bb sz\u00ednben is 100% Pamut a fel\u00fcleten &#8222;Spa&#8220; Frott\u00edr \u00e9s Velour El\u00e9rhet\u0151 t\u00f6bb sz\u00ednben is 100% Pamut [&hellip;]<\/p>\n","protected":false},"author":1,"featured_media":0,"parent":0,"menu_order":0,"comment_status":"closed","ping_status":"closed","template":"","meta":{"footnotes":""},"class_list":["post-109","page","type-page","status-publish","hentry"],"_links":{"self":[{"href":"https:\/\/www.medixwell.hu\/index.php?rest_route=\/wp\/v2\/pages\/109","targetHints":{"allow":["GET"]}}],"collection":[{"href":"https:\/\/www.medixwell.hu\/index.php?rest_route=\/wp\/v2\/pages"}],"about":[{"href":"https:\/\/www.medixwell.hu\/index.php?rest_route=\/wp\/v2\/types\/page"}],"author":[{"embeddable":true,"href":"https:\/\/www.medixwell.hu\/index.php?rest_route=\/wp\/v2\/users\/1"}],"replies":[{"embeddable":true,"href":"https:\/\/www.medixwell.hu\/index.php?rest_route=%2Fwp%2Fv2%2Fcomments&post=109"}],"version-history":[{"count":5,"href":"https:\/\/www.medixwell.hu\/index.php?rest_route=\/wp\/v2\/pages\/109\/revisions"}],"predecessor-version":[{"id":222,"href":"https:\/\/www.medixwell.hu\/index.php?rest_route=\/wp\/v2\/pages\/109\/revisions\/222"}],"wp:attachment":[{"href":"https:\/\/www.medixwell.hu\/index.php?rest_route=%2Fwp%2Fv2%2Fmedia&parent=109"}],"curies":[{"name":"wp","href":"https:\/\/api.w.org\/{rel}","templated":true}]}}